{"id":252,"date":"2019-12-15T18:13:35","date_gmt":"2019-12-15T17:13:35","guid":{"rendered":"http:\/\/palatom.eu\/?page_id=252"},"modified":"2019-12-15T18:13:35","modified_gmt":"2019-12-15T17:13:35","slug":"uslugi-dodatkowe","status":"publish","type":"page","link":"http:\/\/palatom.eu\/index.php\/uslugi-dodatkowe\/","title":{"rendered":"Us\u0142ugi dodatkowe"},"content":{"rendered":"\n<p><strong>Us\u0142ugi dodatkowe<\/strong>. Opr\u00f3cz produkcji nowych palet\nw sk\u0142ad naszej oferty wchodz\u0105: <\/p>\n\n\n\n<p>&#8211; skup palet u\u017cywanych<\/p>\n\n\n\n<p>&#8211; pomoc w odbiorze i utylizacji\npalet nietypowych i uszkodzonych, kt\u00f3rych klienci nie s\u0105 w stanie wykorzysta\u0107\nponownie. <\/p>\n\n\n\n<p>&#8211; obr\u00f3bka termiczna palet (HT) <\/p>\n\n\n\n<p>&#8211; suszenie palet <\/p>\n\n\n\n<p>&#8211; magazynowanie <\/p>\n\n\n\n<p>&#8211; krajowe i mi\u0119dzynarodowe us\u0142ugi\ntransportowe <\/p>\n","protected":false},"excerpt":{"rendered":"<p>Us\u0142ugi dodatkowe. Opr\u00f3cz produkcji nowych palet w sk\u0142ad naszej oferty wchodz\u0105: &#8211; skup palet u\u017cywanych &#8211; pomoc w odbiorze i utylizacji palet nietypowych i uszkodzonych, kt\u00f3rych klienci nie s\u0105 w stanie wykorzysta\u0107 ponownie. &#8211; obr\u00f3bka termiczna palet (HT) &#8211; suszenie palet &#8211; magazynowanie &#8211; krajowe i mi\u0119dzynarodowe us\u0142ugi transportowe<\/p>\n","protected":false},"author":1,"featured_media":0,"parent":0,"menu_order":0,"comment_status":"closed","ping_status":"closed","template":"","meta":[],"yoast_head":"<!-- This site is optimized with the Yoast SEO plugin v14.2 - https:\/\/yoast.com\/wordpress\/plugins\/seo\/ -->\n<title>Us\u0142ugi dodatkowe - Palatom P.H.P.U.<\/title>\n<meta name=\"robots\" content=\"index, follow\" \/>\n<meta name=\"googlebot\" content=\"index, follow, max-snippet:-1, max-image-preview:large, max-video-preview:-1\" \/>\n<meta name=\"bingbot\" content=\"index, follow, max-snippet:-1, max-image-preview:large, max-video-preview:-1\" \/>\n<link rel=\"canonical\" href=\"http:\/\/palatom.eu\/index.php\/uslugi-dodatkowe\/\" \/>\n<meta property=\"og:locale\" content=\"pl_PL\" \/>\n<meta property=\"og:type\" content=\"article\" \/>\n<meta property=\"og:title\" content=\"Us\u0142ugi dodatkowe - Palatom P.H.P.U.\" \/>\n<meta property=\"og:description\" content=\"Us\u0142ugi dodatkowe. Opr\u00f3cz produkcji nowych palet w sk\u0142ad naszej oferty wchodz\u0105: &#8211; skup palet u\u017cywanych &#8211; pomoc w odbiorze i utylizacji palet nietypowych i uszkodzonych, kt\u00f3rych klienci nie s\u0105 w stanie wykorzysta\u0107 ponownie. &#8211; obr\u00f3bka termiczna palet (HT) &#8211; suszenie palet &#8211; magazynowanie &#8211; krajowe i mi\u0119dzynarodowe us\u0142ugi transportowe\" \/>\n<meta property=\"og:url\" content=\"http:\/\/palatom.eu\/index.php\/uslugi-dodatkowe\/\" \/>\n<meta property=\"og:site_name\" content=\"Palatom P.H.P.U.\" \/>\n<meta name=\"twitter:card\" content=\"summary_large_image\" \/>\n<script type=\"application\/ld+json\" class=\"yoast-schema-graph\">{\"@context\":\"https:\/\/schema.org\",\"@graph\":[{\"@type\":\"WebSite\",\"@id\":\"http:\/\/palatom.eu\/#website\",\"url\":\"http:\/\/palatom.eu\/\",\"name\":\"Palatom P.H.P.U.\",\"description\":\"Przetw\\u00f3rstwo drewna, Palety, Transport\",\"potentialAction\":[{\"@type\":\"SearchAction\",\"target\":\"http:\/\/palatom.eu\/?s={search_term_string}\",\"query-input\":\"required name=search_term_string\"}],\"inLanguage\":\"pl-PL\"},{\"@type\":\"WebPage\",\"@id\":\"http:\/\/palatom.eu\/index.php\/uslugi-dodatkowe\/#webpage\",\"url\":\"http:\/\/palatom.eu\/index.php\/uslugi-dodatkowe\/\",\"name\":\"Us\\u0142ugi dodatkowe - Palatom P.H.P.U.\",\"isPartOf\":{\"@id\":\"http:\/\/palatom.eu\/#website\"},\"datePublished\":\"2019-12-15T17:13:35+00:00\",\"dateModified\":\"2019-12-15T17:13:35+00:00\",\"inLanguage\":\"pl-PL\",\"potentialAction\":[{\"@type\":\"ReadAction\",\"target\":[\"http:\/\/palatom.eu\/index.php\/uslugi-dodatkowe\/\"]}]}]}<\/script>\n<!-- \/ Yoast SEO plugin. -->","_links":{"self":[{"href":"http:\/\/palatom.eu\/index.php\/wp-json\/wp\/v2\/pages\/252"}],"collection":[{"href":"http:\/\/palatom.eu\/index.php\/wp-json\/wp\/v2\/pages"}],"about":[{"href":"http:\/\/palatom.eu\/index.php\/wp-json\/wp\/v2\/types\/page"}],"author":[{"embeddable":true,"href":"http:\/\/palatom.eu\/index.php\/wp-json\/wp\/v2\/users\/1"}],"replies":[{"embeddable":true,"href":"http:\/\/palatom.eu\/index.php\/wp-json\/wp\/v2\/comments?post=252"}],"version-history":[{"count":1,"href":"http:\/\/palatom.eu\/index.php\/wp-json\/wp\/v2\/pages\/252\/revisions"}],"predecessor-version":[{"id":253,"href":"http:\/\/palatom.eu\/index.php\/wp-json\/wp\/v2\/pages\/252\/revisions\/253"}],"wp:attachment":[{"href":"http:\/\/palatom.eu\/index.php\/wp-json\/wp\/v2\/media?parent=252"}],"curies":[{"name":"wp","href":"https:\/\/api.w.org\/{rel}","templated":true}]}}