{"id":81,"date":"2019-11-07T17:41:58","date_gmt":"2019-11-07T16:41:58","guid":{"rendered":"http:\/\/palatom.eu\/?page_id=81"},"modified":"2020-02-13T17:08:00","modified_gmt":"2020-02-13T16:08:00","slug":"indywidualne-podejscie-do-klienta","status":"publish","type":"page","link":"http:\/\/palatom.eu\/index.php\/indywidualne-podejscie-do-klienta\/","title":{"rendered":"Indywidualne podej\u015bcie do klienta"},"content":{"rendered":"\n<p style=\"text-align: justify\">Zale\u017cy nam na budowaniu d\u0142ugofalowych relacji z Klientami, opartych na wzajemnej strategii \u201ewygrany \u2013 wygrany\u201d. Dzi\u0119ki elastycznemu podej\u015bciu do potrzeb ka\u017cdego odbiorcy \noraz wysokiej jako\u015b\u0107 wytwarzanych przez nas palet sukcesywnie docieramy do nowych kontrahent\u00f3w w kraju i w Europie. Ka\u017cdego dnia nasza wyspecjalizowana kadra dok\u0142ada wszelkich stara\u0144 aby utrzyma\u0107 wysok\u0105 jako\u015b\u0107 \u015bwiadczonych us\u0142ug i terminowo\u015b\u0107 dostaw. \nW\u015br\u00f3d naszych klient\u00f3w znajduj\u0105 si\u0119 krajowe i zagraniczne firmy z bran\u017cy : spo\u017cywczej, farmaceutycznej, chemicznej, automotive, elektronicznej czy opakowaniowej. Wsp\u00f3\u0142pracujemy zar\u00f3wno z odbiorcami finalnymi, jak r\u00f3wnie\u017c firmami handlowymi uczestnicz\u0105cymi w obrocie palet na rynkach europejskich.\n<\/p>\n\n\n\n<div class=\"wp-block-columns\">\n<div class=\"wp-block-column\">\n<figure class=\"wp-block-image\"><img alt=\"\"\/><\/figure>\n<\/div>\n\n\n\n<div class=\"wp-block-column\">\n<figure class=\"wp-block-image\"><img alt=\"\"\/><\/figure>\n<\/div>\n\n\n\n<div class=\"wp-block-column\">\n<figure class=\"wp-block-image\"><img alt=\"\"\/><\/figure>\n<\/div>\n<\/div>\n","protected":false},"excerpt":{"rendered":"<p>Zale\u017cy nam na budowaniu d\u0142ugofalowych relacji z Klientami, opartych na wzajemnej strategii \u201ewygrany \u2013 wygrany\u201d. Dzi\u0119ki elastycznemu podej\u015bciu do potrzeb ka\u017cdego odbiorcy oraz wysokiej jako\u015b\u0107 wytwarzanych przez nas palet sukcesywnie docieramy do nowych kontrahent\u00f3w w kraju i w Europie. Ka\u017cdego dnia nasza wyspecjalizowana kadra dok\u0142ada wszelkich stara\u0144 aby utrzyma\u0107 wysok\u0105 jako\u015b\u0107 \u015bwiadczonych us\u0142ug i terminowo\u015b\u0107 &hellip; <\/p>\n<p class=\"link-more\"><a href=\"http:\/\/palatom.eu\/index.php\/indywidualne-podejscie-do-klienta\/\" class=\"more-link\">Czytaj dalej<span class=\"screen-reader-text\"> Indywidualne podej\u015bcie do klienta<\/span><\/a><\/p>\n","protected":false},"author":1,"featured_media":0,"parent":0,"menu_order":0,"comment_status":"closed","ping_status":"closed","template":"","meta":[],"yoast_head":"<!-- This site is optimized with the Yoast SEO plugin v14.2 - https:\/\/yoast.com\/wordpress\/plugins\/seo\/ -->\n<title>Indywidualne podej\u015bcie do klienta - Palatom P.H.P.U.<\/title>\n<meta name=\"robots\" content=\"index, follow\" \/>\n<meta name=\"googlebot\" content=\"index, follow, max-snippet:-1, max-image-preview:large, max-video-preview:-1\" \/>\n<meta name=\"bingbot\" content=\"index, follow, max-snippet:-1, max-image-preview:large, max-video-preview:-1\" \/>\n<link rel=\"canonical\" href=\"http:\/\/palatom.eu\/index.php\/indywidualne-podejscie-do-klienta\/\" \/>\n<meta property=\"og:locale\" content=\"pl_PL\" \/>\n<meta property=\"og:type\" content=\"article\" \/>\n<meta property=\"og:title\" content=\"Indywidualne podej\u015bcie do klienta - Palatom P.H.P.U.\" \/>\n<meta property=\"og:description\" content=\"Zale\u017cy nam na budowaniu d\u0142ugofalowych relacji z Klientami, opartych na wzajemnej strategii \u201ewygrany \u2013 wygrany\u201d. Dzi\u0119ki elastycznemu podej\u015bciu do potrzeb ka\u017cdego odbiorcy oraz wysokiej jako\u015b\u0107 wytwarzanych przez nas palet sukcesywnie docieramy do nowych kontrahent\u00f3w w kraju i w Europie. Ka\u017cdego dnia nasza wyspecjalizowana kadra dok\u0142ada wszelkich stara\u0144 aby utrzyma\u0107 wysok\u0105 jako\u015b\u0107 \u015bwiadczonych us\u0142ug i terminowo\u015b\u0107 &hellip; Czytaj dalej Indywidualne podej\u015bcie do klienta\" \/>\n<meta property=\"og:url\" content=\"http:\/\/palatom.eu\/index.php\/indywidualne-podejscie-do-klienta\/\" \/>\n<meta property=\"og:site_name\" content=\"Palatom P.H.P.U.\" \/>\n<meta property=\"article:modified_time\" content=\"2020-02-13T16:08:00+00:00\" \/>\n<meta name=\"twitter:card\" content=\"summary_large_image\" \/>\n<script type=\"application\/ld+json\" class=\"yoast-schema-graph\">{\"@context\":\"https:\/\/schema.org\",\"@graph\":[{\"@type\":\"WebSite\",\"@id\":\"http:\/\/palatom.eu\/#website\",\"url\":\"http:\/\/palatom.eu\/\",\"name\":\"Palatom P.H.P.U.\",\"description\":\"Przetw\\u00f3rstwo drewna, Palety, Transport\",\"potentialAction\":[{\"@type\":\"SearchAction\",\"target\":\"http:\/\/palatom.eu\/?s={search_term_string}\",\"query-input\":\"required name=search_term_string\"}],\"inLanguage\":\"pl-PL\"},{\"@type\":\"WebPage\",\"@id\":\"http:\/\/palatom.eu\/index.php\/indywidualne-podejscie-do-klienta\/#webpage\",\"url\":\"http:\/\/palatom.eu\/index.php\/indywidualne-podejscie-do-klienta\/\",\"name\":\"Indywidualne podej\\u015bcie do klienta - Palatom P.H.P.U.\",\"isPartOf\":{\"@id\":\"http:\/\/palatom.eu\/#website\"},\"datePublished\":\"2019-11-07T16:41:58+00:00\",\"dateModified\":\"2020-02-13T16:08:00+00:00\",\"inLanguage\":\"pl-PL\",\"potentialAction\":[{\"@type\":\"ReadAction\",\"target\":[\"http:\/\/palatom.eu\/index.php\/indywidualne-podejscie-do-klienta\/\"]}]}]}<\/script>\n<!-- \/ Yoast SEO plugin. -->","_links":{"self":[{"href":"http:\/\/palatom.eu\/index.php\/wp-json\/wp\/v2\/pages\/81"}],"collection":[{"href":"http:\/\/palatom.eu\/index.php\/wp-json\/wp\/v2\/pages"}],"about":[{"href":"http:\/\/palatom.eu\/index.php\/wp-json\/wp\/v2\/types\/page"}],"author":[{"embeddable":true,"href":"http:\/\/palatom.eu\/index.php\/wp-json\/wp\/v2\/users\/1"}],"replies":[{"embeddable":true,"href":"http:\/\/palatom.eu\/index.php\/wp-json\/wp\/v2\/comments?post=81"}],"version-history":[{"count":4,"href":"http:\/\/palatom.eu\/index.php\/wp-json\/wp\/v2\/pages\/81\/revisions"}],"predecessor-version":[{"id":331,"href":"http:\/\/palatom.eu\/index.php\/wp-json\/wp\/v2\/pages\/81\/revisions\/331"}],"wp:attachment":[{"href":"http:\/\/palatom.eu\/index.php\/wp-json\/wp\/v2\/media?parent=81"}],"curies":[{"name":"wp","href":"https:\/\/api.w.org\/{rel}","templated":true}]}}