{"id":86,"date":"2019-11-07T17:41:58","date_gmt":"2019-11-07T16:41:58","guid":{"rendered":"http:\/\/palatom.eu\/?page_id=86"},"modified":"2019-12-15T19:05:06","modified_gmt":"2019-12-15T18:05:06","slug":"realizacja-dostaw","status":"publish","type":"page","link":"http:\/\/palatom.eu\/index.php\/realizacja-dostaw\/","title":{"rendered":"Realizacja dostaw"},"content":{"rendered":"\n<p>Wyspecjalizowany\npersonel Dzia\u0142u Obs\u0142ugi Klienta ka\u017cdego dnia dba o terminow\u0105 realizacj\u0119\nwszystkich zam\u00f3wie\u0144. <\/p>\n\n\n\n<p>Ka\u017cde zam\u00f3wienie na palety EPAL czy UIC mo\u017cemy zrealizowa\u0107 w kraju w przeci\u0105gu 24 godzin,a w przypadku wysy\u0142ek zagranicznych czas dosatwy nie przekracza 3 dni roboczych. <\/p>\n\n\n\n<figure class=\"wp-block-image size-large\"><img loading=\"lazy\" width=\"960\" height=\"660\" src=\"http:\/\/palatom.eu\/wp-content\/uploads\/2019\/12\/mapa-europy-dostawa.png\" alt=\"\" class=\"wp-image-261\" srcset=\"http:\/\/palatom.eu\/wp-content\/uploads\/2019\/12\/mapa-europy-dostawa.png 960w, http:\/\/palatom.eu\/wp-content\/uploads\/2019\/12\/mapa-europy-dostawa-300x206.png 300w, http:\/\/palatom.eu\/wp-content\/uploads\/2019\/12\/mapa-europy-dostawa-768x528.png 768w\" sizes=\"(max-width: 706px) 89vw, (max-width: 767px) 82vw, 740px\" \/><\/figure>\n","protected":false},"excerpt":{"rendered":"<p>Wyspecjalizowany personel Dzia\u0142u Obs\u0142ugi Klienta ka\u017cdego dnia dba o terminow\u0105 realizacj\u0119 wszystkich zam\u00f3wie\u0144. Ka\u017cde zam\u00f3wienie na palety EPAL czy UIC mo\u017cemy zrealizowa\u0107 w kraju w przeci\u0105gu 24 godzin,a w przypadku wysy\u0142ek zagranicznych czas dosatwy nie przekracza 3 dni roboczych.<\/p>\n","protected":false},"author":1,"featured_media":0,"parent":0,"menu_order":0,"comment_status":"closed","ping_status":"closed","template":"","meta":[],"yoast_head":"<!-- This site is optimized with the Yoast SEO plugin v14.2 - https:\/\/yoast.com\/wordpress\/plugins\/seo\/ -->\n<title>Realizacja dostaw - Palatom P.H.P.U.<\/title>\n<meta name=\"robots\" content=\"index, follow\" \/>\n<meta name=\"googlebot\" content=\"index, follow, max-snippet:-1, max-image-preview:large, max-video-preview:-1\" \/>\n<meta name=\"bingbot\" content=\"index, follow, max-snippet:-1, max-image-preview:large, max-video-preview:-1\" \/>\n<link rel=\"canonical\" href=\"http:\/\/palatom.eu\/index.php\/realizacja-dostaw\/\" \/>\n<meta property=\"og:locale\" content=\"pl_PL\" \/>\n<meta property=\"og:type\" content=\"article\" \/>\n<meta property=\"og:title\" content=\"Realizacja dostaw - Palatom P.H.P.U.\" \/>\n<meta property=\"og:description\" content=\"Wyspecjalizowany personel Dzia\u0142u Obs\u0142ugi Klienta ka\u017cdego dnia dba o terminow\u0105 realizacj\u0119 wszystkich zam\u00f3wie\u0144. Ka\u017cde zam\u00f3wienie na palety EPAL czy UIC mo\u017cemy zrealizowa\u0107 w kraju w przeci\u0105gu 24 godzin,a w przypadku wysy\u0142ek zagranicznych czas dosatwy nie przekracza 3 dni roboczych.\" \/>\n<meta property=\"og:url\" content=\"http:\/\/palatom.eu\/index.php\/realizacja-dostaw\/\" \/>\n<meta property=\"og:site_name\" content=\"Palatom P.H.P.U.\" \/>\n<meta property=\"article:modified_time\" content=\"2019-12-15T18:05:06+00:00\" \/>\n<meta property=\"og:image\" content=\"http:\/\/palatom.eu\/wp-content\/uploads\/2019\/12\/mapa-europy-dostawa.png\" \/>\n<meta name=\"twitter:card\" content=\"summary_large_image\" \/>\n<script type=\"application\/ld+json\" class=\"yoast-schema-graph\">{\"@context\":\"https:\/\/schema.org\",\"@graph\":[{\"@type\":\"WebSite\",\"@id\":\"http:\/\/palatom.eu\/#website\",\"url\":\"http:\/\/palatom.eu\/\",\"name\":\"Palatom P.H.P.U.\",\"description\":\"Przetw\\u00f3rstwo drewna, Palety, Transport\",\"potentialAction\":[{\"@type\":\"SearchAction\",\"target\":\"http:\/\/palatom.eu\/?s={search_term_string}\",\"query-input\":\"required name=search_term_string\"}],\"inLanguage\":\"pl-PL\"},{\"@type\":\"ImageObject\",\"@id\":\"http:\/\/palatom.eu\/index.php\/realizacja-dostaw\/#primaryimage\",\"inLanguage\":\"pl-PL\",\"url\":\"http:\/\/palatom.eu\/wp-content\/uploads\/2019\/12\/mapa-europy-dostawa.png\",\"width\":960,\"height\":660},{\"@type\":\"WebPage\",\"@id\":\"http:\/\/palatom.eu\/index.php\/realizacja-dostaw\/#webpage\",\"url\":\"http:\/\/palatom.eu\/index.php\/realizacja-dostaw\/\",\"name\":\"Realizacja dostaw - Palatom P.H.P.U.\",\"isPartOf\":{\"@id\":\"http:\/\/palatom.eu\/#website\"},\"primaryImageOfPage\":{\"@id\":\"http:\/\/palatom.eu\/index.php\/realizacja-dostaw\/#primaryimage\"},\"datePublished\":\"2019-11-07T16:41:58+00:00\",\"dateModified\":\"2019-12-15T18:05:06+00:00\",\"inLanguage\":\"pl-PL\",\"potentialAction\":[{\"@type\":\"ReadAction\",\"target\":[\"http:\/\/palatom.eu\/index.php\/realizacja-dostaw\/\"]}]}]}<\/script>\n<!-- \/ Yoast SEO plugin. -->","_links":{"self":[{"href":"http:\/\/palatom.eu\/index.php\/wp-json\/wp\/v2\/pages\/86"}],"collection":[{"href":"http:\/\/palatom.eu\/index.php\/wp-json\/wp\/v2\/pages"}],"about":[{"href":"http:\/\/palatom.eu\/index.php\/wp-json\/wp\/v2\/types\/page"}],"author":[{"embeddable":true,"href":"http:\/\/palatom.eu\/index.php\/wp-json\/wp\/v2\/users\/1"}],"replies":[{"embeddable":true,"href":"http:\/\/palatom.eu\/index.php\/wp-json\/wp\/v2\/comments?post=86"}],"version-history":[{"count":2,"href":"http:\/\/palatom.eu\/index.php\/wp-json\/wp\/v2\/pages\/86\/revisions"}],"predecessor-version":[{"id":262,"href":"http:\/\/palatom.eu\/index.php\/wp-json\/wp\/v2\/pages\/86\/revisions\/262"}],"wp:attachment":[{"href":"http:\/\/palatom.eu\/index.php\/wp-json\/wp\/v2\/media?parent=86"}],"curies":[{"name":"wp","href":"https:\/\/api.w.org\/{rel}","templated":true}]}}