{"id":87,"date":"2019-11-07T17:41:59","date_gmt":"2019-11-07T16:41:59","guid":{"rendered":"http:\/\/palatom.eu\/?page_id=87"},"modified":"2025-12-15T15:27:57","modified_gmt":"2025-12-15T14:27:57","slug":"transport","status":"publish","type":"page","link":"http:\/\/palatom.eu\/index.php\/transport\/","title":{"rendered":"Transport"},"content":{"rendered":"\n<p>Wsp\u00f3\u0142pracujemy z wieloma, sprawdzonymi, mi\u0119dzynarodowymi firmami transportowymi a tak\u017ce dysponujemy w\u0142asn\u0105 flot\u0105 20 ci\u0119\u017car\u00f3wek. Ka\u017cde z naszych aut posiada nadajnik GPS dzi\u0119ki kt\u00f3remu na bie\u017c\u0105co mo\u017cemy monitorowa\u0107 pozycj\u0119 pojazdu. <\/p>\n\n\n\n<figure class=\"wp-block-gallery columns-1 is-cropped\"><ul class=\"blocks-gallery-grid\"><li class=\"blocks-gallery-item\"><figure><img loading=\"lazy\" width=\"2500\" height=\"1668\" src=\"http:\/\/palatom.eu\/wp-content\/uploads\/2019\/12\/DSC_0088.jpg\" alt=\"\" data-id=\"264\" data-link=\"http:\/\/palatom.eu\/index.php\/transport\/dsc_0088\/\" class=\"wp-image-264\"\/><\/figure><\/li><\/ul><\/figure>\n\n\n\n<p>Posiadamy w\u0142asny serwis ci\u0119\u017car\u00f3wek i profesjonalne zaplecze techniczne<\/p>\n\n\n\n<figure class=\"wp-block-gallery columns-3 is-cropped\"><ul class=\"blocks-gallery-grid\"><li class=\"blocks-gallery-item\"><figure><img loading=\"lazy\" width=\"2500\" height=\"1668\" src=\"http:\/\/palatom.eu\/wp-content\/uploads\/2019\/12\/DSC_0087.jpg\" alt=\"\" data-id=\"266\" data-link=\"http:\/\/palatom.eu\/index.php\/transport\/dsc_0087\/\" class=\"wp-image-266\"\/><\/figure><\/li><li class=\"blocks-gallery-item\"><figure><img loading=\"lazy\" width=\"2500\" height=\"1668\" src=\"http:\/\/palatom.eu\/wp-content\/uploads\/2019\/12\/DSC_0082.jpg\" alt=\"\" data-id=\"268\" data-link=\"http:\/\/palatom.eu\/index.php\/transport\/dsc_0082\/\" class=\"wp-image-268\"\/><\/figure><\/li><li class=\"blocks-gallery-item\"><figure><img loading=\"lazy\" width=\"2500\" height=\"1668\" src=\"http:\/\/palatom.eu\/wp-content\/uploads\/2019\/12\/DSC_0085.jpg\" alt=\"\" data-id=\"267\" data-link=\"http:\/\/palatom.eu\/index.php\/transport\/dsc_0085\/\" class=\"wp-image-267\"\/><\/figure><\/li><\/ul><\/figure>\n\n\n\n<p><\/p>\n","protected":false},"excerpt":{"rendered":"<p>Wsp\u00f3\u0142pracujemy z wieloma, sprawdzonymi, mi\u0119dzynarodowymi firmami transportowymi a tak\u017ce dysponujemy w\u0142asn\u0105 flot\u0105 20 ci\u0119\u017car\u00f3wek. Ka\u017cde z naszych aut posiada nadajnik GPS dzi\u0119ki kt\u00f3remu na bie\u017c\u0105co mo\u017cemy monitorowa\u0107 pozycj\u0119 pojazdu. Posiadamy w\u0142asny serwis ci\u0119\u017car\u00f3wek i profesjonalne zaplecze techniczne<\/p>\n","protected":false},"author":1,"featured_media":0,"parent":0,"menu_order":0,"comment_status":"closed","ping_status":"closed","template":"","meta":[],"yoast_head":"<!-- This site is optimized with the Yoast SEO plugin v14.2 - https:\/\/yoast.com\/wordpress\/plugins\/seo\/ -->\n<title>Transport - Palatom P.H.P.U.<\/title>\n<meta name=\"robots\" content=\"index, follow\" \/>\n<meta name=\"googlebot\" content=\"index, follow, max-snippet:-1, max-image-preview:large, max-video-preview:-1\" \/>\n<meta name=\"bingbot\" content=\"index, follow, max-snippet:-1, max-image-preview:large, max-video-preview:-1\" \/>\n<link rel=\"canonical\" href=\"http:\/\/palatom.eu\/index.php\/transport\/\" \/>\n<meta property=\"og:locale\" content=\"pl_PL\" \/>\n<meta property=\"og:type\" content=\"article\" \/>\n<meta property=\"og:title\" content=\"Transport - Palatom P.H.P.U.\" \/>\n<meta property=\"og:description\" content=\"Wsp\u00f3\u0142pracujemy z wieloma, sprawdzonymi, mi\u0119dzynarodowymi firmami transportowymi a tak\u017ce dysponujemy w\u0142asn\u0105 flot\u0105 20 ci\u0119\u017car\u00f3wek. Ka\u017cde z naszych aut posiada nadajnik GPS dzi\u0119ki kt\u00f3remu na bie\u017c\u0105co mo\u017cemy monitorowa\u0107 pozycj\u0119 pojazdu. Posiadamy w\u0142asny serwis ci\u0119\u017car\u00f3wek i profesjonalne zaplecze techniczne\" \/>\n<meta property=\"og:url\" content=\"http:\/\/palatom.eu\/index.php\/transport\/\" \/>\n<meta property=\"og:site_name\" content=\"Palatom P.H.P.U.\" \/>\n<meta property=\"article:modified_time\" content=\"2025-12-15T14:27:57+00:00\" \/>\n<meta property=\"og:image\" content=\"http:\/\/palatom.eu\/wp-content\/uploads\/2019\/12\/DSC_0088.jpg\" \/>\n<meta name=\"twitter:card\" content=\"summary_large_image\" \/>\n<script type=\"application\/ld+json\" class=\"yoast-schema-graph\">{\"@context\":\"https:\/\/schema.org\",\"@graph\":[{\"@type\":\"WebSite\",\"@id\":\"http:\/\/palatom.eu\/#website\",\"url\":\"http:\/\/palatom.eu\/\",\"name\":\"Palatom P.H.P.U.\",\"description\":\"Przetw\\u00f3rstwo drewna, Palety, Transport\",\"potentialAction\":[{\"@type\":\"SearchAction\",\"target\":\"http:\/\/palatom.eu\/?s={search_term_string}\",\"query-input\":\"required name=search_term_string\"}],\"inLanguage\":\"pl-PL\"},{\"@type\":\"ImageObject\",\"@id\":\"http:\/\/palatom.eu\/index.php\/transport\/#primaryimage\",\"inLanguage\":\"pl-PL\",\"url\":\"http:\/\/palatom.eu\/wp-content\/uploads\/2019\/12\/DSC_0088.jpg\",\"width\":2500,\"height\":1668},{\"@type\":\"WebPage\",\"@id\":\"http:\/\/palatom.eu\/index.php\/transport\/#webpage\",\"url\":\"http:\/\/palatom.eu\/index.php\/transport\/\",\"name\":\"Transport - Palatom P.H.P.U.\",\"isPartOf\":{\"@id\":\"http:\/\/palatom.eu\/#website\"},\"primaryImageOfPage\":{\"@id\":\"http:\/\/palatom.eu\/index.php\/transport\/#primaryimage\"},\"datePublished\":\"2019-11-07T16:41:59+00:00\",\"dateModified\":\"2025-12-15T14:27:57+00:00\",\"inLanguage\":\"pl-PL\",\"potentialAction\":[{\"@type\":\"ReadAction\",\"target\":[\"http:\/\/palatom.eu\/index.php\/transport\/\"]}]}]}<\/script>\n<!-- \/ Yoast SEO plugin. -->","_links":{"self":[{"href":"http:\/\/palatom.eu\/index.php\/wp-json\/wp\/v2\/pages\/87"}],"collection":[{"href":"http:\/\/palatom.eu\/index.php\/wp-json\/wp\/v2\/pages"}],"about":[{"href":"http:\/\/palatom.eu\/index.php\/wp-json\/wp\/v2\/types\/page"}],"author":[{"embeddable":true,"href":"http:\/\/palatom.eu\/index.php\/wp-json\/wp\/v2\/users\/1"}],"replies":[{"embeddable":true,"href":"http:\/\/palatom.eu\/index.php\/wp-json\/wp\/v2\/comments?post=87"}],"version-history":[{"count":3,"href":"http:\/\/palatom.eu\/index.php\/wp-json\/wp\/v2\/pages\/87\/revisions"}],"predecessor-version":[{"id":357,"href":"http:\/\/palatom.eu\/index.php\/wp-json\/wp\/v2\/pages\/87\/revisions\/357"}],"wp:attachment":[{"href":"http:\/\/palatom.eu\/index.php\/wp-json\/wp\/v2\/media?parent=87"}],"curies":[{"name":"wp","href":"https:\/\/api.w.org\/{rel}","templated":true}]}}