{"id":89,"date":"2019-11-07T17:41:59","date_gmt":"2019-11-07T16:41:59","guid":{"rendered":"http:\/\/palatom.eu\/?page_id=89"},"modified":"2019-12-15T19:29:12","modified_gmt":"2019-12-15T18:29:12","slug":"sposob-zaladunku","status":"publish","type":"page","link":"http:\/\/palatom.eu\/index.php\/sposob-zaladunku\/","title":{"rendered":"Spos\u00f3b za\u0142adunku"},"content":{"rendered":"\n<p>Do transportu\nnaszych palet wykorzystujemy<strong> <\/strong>ci\u0119\u017car\u00f3wki z naczepami typu\nstandard mega oraz zestaw. W zale\u017cno\u015bci o \u017cyczenia klienta palety mog\u0105 by\u0107\nwysane w dowolnej konfiguracji, z\u0142o\u017cone w zamek lub jedna na drugiej. <\/p>\n\n\n\n<p>Ilo\u015bci palet w za\u0142adunku\nokre\u015bla tabela poni\u017cej: <\/p>\n\n\n\n<figure class=\"wp-block-table\"><table class=\"\"><tbody><tr><td class=\"has-text-align-center\" data-align=\"center\">\n  Specyfikacja\n  wys\u0142kowa \n  <\/td><td class=\"has-text-align-center\" data-align=\"center\">\n  Naczepa\n  &#8211; Standard \n  <\/td><td class=\"has-text-align-center\" data-align=\"center\">\n  Naczepa\n  &#8211; Mega\n  <\/td><td class=\"has-text-align-center\" data-align=\"center\">\n  Zestaw\n  \n  <\/td><\/tr><tr><td class=\"has-text-align-center\" data-align=\"center\">Palety   z\u0142o\u017cone w zamek   <\/td><td class=\"has-text-align-center\" data-align=\"center\">\n  756\n  <\/td><td class=\"has-text-align-center\" data-align=\"center\">\n  812\n  <\/td><td class=\"has-text-align-center\" data-align=\"center\">\n  928\n  <\/td><\/tr><tr><td class=\"has-text-align-center\" data-align=\"center\">Palety   u\u0142o\u017cone jedna na drugiej    <\/td><td class=\"has-text-align-center\" data-align=\"center\">\n  627\n  <\/td><td class=\"has-text-align-center\" data-align=\"center\">\n  660\n  <\/td><td class=\"has-text-align-center\" data-align=\"center\">\n  760\n  <\/td><\/tr><\/tbody><\/table><\/figure>\n\n\n\n<figure class=\"wp-block-gallery columns-3 is-cropped\"><ul class=\"blocks-gallery-grid\"><li class=\"blocks-gallery-item\"><figure><img loading=\"lazy\" width=\"541\" height=\"701\" src=\"http:\/\/palatom.eu\/wp-content\/uploads\/2019\/12\/photo8.jpg\" alt=\"\" data-id=\"271\" data-full-url=\"http:\/\/palatom.eu\/wp-content\/uploads\/2019\/12\/photo8.jpg\" data-link=\"http:\/\/palatom.eu\/index.php\/sposob-zaladunku\/photo8\/\" class=\"wp-image-271\" srcset=\"http:\/\/palatom.eu\/wp-content\/uploads\/2019\/12\/photo8.jpg 541w, http:\/\/palatom.eu\/wp-content\/uploads\/2019\/12\/photo8-232x300.jpg 232w\" sizes=\"(max-width: 541px) 100vw, 541px\" \/><\/figure><\/li><li class=\"blocks-gallery-item\"><figure><img loading=\"lazy\" width=\"544\" height=\"691\" src=\"http:\/\/palatom.eu\/wp-content\/uploads\/2019\/12\/photo6.jpg\" alt=\"\" data-id=\"272\" data-full-url=\"http:\/\/palatom.eu\/wp-content\/uploads\/2019\/12\/photo6.jpg\" data-link=\"http:\/\/palatom.eu\/index.php\/sposob-zaladunku\/photo6\/\" class=\"wp-image-272\" srcset=\"http:\/\/palatom.eu\/wp-content\/uploads\/2019\/12\/photo6.jpg 544w, http:\/\/palatom.eu\/wp-content\/uploads\/2019\/12\/photo6-236x300.jpg 236w\" sizes=\"(max-width: 544px) 100vw, 544px\" \/><\/figure><\/li><li class=\"blocks-gallery-item\"><figure><img loading=\"lazy\" width=\"629\" height=\"723\" src=\"http:\/\/palatom.eu\/wp-content\/uploads\/2019\/12\/photo4.jpg\" alt=\"\" data-id=\"273\" data-full-url=\"http:\/\/palatom.eu\/wp-content\/uploads\/2019\/12\/photo4.jpg\" data-link=\"http:\/\/palatom.eu\/index.php\/sposob-zaladunku\/photo4\/\" class=\"wp-image-273\" srcset=\"http:\/\/palatom.eu\/wp-content\/uploads\/2019\/12\/photo4.jpg 629w, http:\/\/palatom.eu\/wp-content\/uploads\/2019\/12\/photo4-261x300.jpg 261w\" sizes=\"(max-width: 629px) 100vw, 629px\" \/><\/figure><\/li><\/ul><\/figure>\n","protected":false},"excerpt":{"rendered":"<p>Do transportu naszych palet wykorzystujemy ci\u0119\u017car\u00f3wki z naczepami typu standard mega oraz zestaw. W zale\u017cno\u015bci o \u017cyczenia klienta palety mog\u0105 by\u0107 wysane w dowolnej konfiguracji, z\u0142o\u017cone w zamek lub jedna na drugiej. Ilo\u015bci palet w za\u0142adunku okre\u015bla tabela poni\u017cej: Specyfikacja wys\u0142kowa Naczepa &#8211; Standard Naczepa &#8211; Mega Zestaw Palety z\u0142o\u017cone w zamek 756 812 928 &hellip; <\/p>\n<p class=\"link-more\"><a href=\"http:\/\/palatom.eu\/index.php\/sposob-zaladunku\/\" class=\"more-link\">Czytaj dalej<span class=\"screen-reader-text\"> Spos\u00f3b za\u0142adunku<\/span><\/a><\/p>\n","protected":false},"author":1,"featured_media":0,"parent":0,"menu_order":0,"comment_status":"closed","ping_status":"closed","template":"","meta":[],"yoast_head":"<!-- This site is optimized with the Yoast SEO plugin v14.2 - https:\/\/yoast.com\/wordpress\/plugins\/seo\/ -->\n<title>Spos\u00f3b za\u0142adunku - Palatom P.H.P.U.<\/title>\n<meta name=\"robots\" content=\"index, follow\" \/>\n<meta name=\"googlebot\" content=\"index, follow, max-snippet:-1, max-image-preview:large, max-video-preview:-1\" \/>\n<meta name=\"bingbot\" content=\"index, follow, max-snippet:-1, max-image-preview:large, max-video-preview:-1\" \/>\n<link rel=\"canonical\" href=\"http:\/\/palatom.eu\/index.php\/sposob-zaladunku\/\" \/>\n<meta property=\"og:locale\" content=\"pl_PL\" \/>\n<meta property=\"og:type\" content=\"article\" \/>\n<meta property=\"og:title\" content=\"Spos\u00f3b za\u0142adunku - Palatom P.H.P.U.\" \/>\n<meta property=\"og:description\" content=\"Do transportu naszych palet wykorzystujemy ci\u0119\u017car\u00f3wki z naczepami typu standard mega oraz zestaw. W zale\u017cno\u015bci o \u017cyczenia klienta palety mog\u0105 by\u0107 wysane w dowolnej konfiguracji, z\u0142o\u017cone w zamek lub jedna na drugiej. Ilo\u015bci palet w za\u0142adunku okre\u015bla tabela poni\u017cej: Specyfikacja wys\u0142kowa Naczepa &#8211; Standard Naczepa &#8211; Mega Zestaw Palety z\u0142o\u017cone w zamek 756 812 928 &hellip; Czytaj dalej Spos\u00f3b za\u0142adunku\" \/>\n<meta property=\"og:url\" content=\"http:\/\/palatom.eu\/index.php\/sposob-zaladunku\/\" \/>\n<meta property=\"og:site_name\" content=\"Palatom P.H.P.U.\" \/>\n<meta property=\"article:modified_time\" content=\"2019-12-15T18:29:12+00:00\" \/>\n<meta property=\"og:image\" content=\"http:\/\/palatom.eu\/wp-content\/uploads\/2019\/12\/photo8.jpg\" \/>\n<meta name=\"twitter:card\" content=\"summary_large_image\" \/>\n<script type=\"application\/ld+json\" class=\"yoast-schema-graph\">{\"@context\":\"https:\/\/schema.org\",\"@graph\":[{\"@type\":\"WebSite\",\"@id\":\"http:\/\/palatom.eu\/#website\",\"url\":\"http:\/\/palatom.eu\/\",\"name\":\"Palatom P.H.P.U.\",\"description\":\"Przetw\\u00f3rstwo drewna, Palety, Transport\",\"potentialAction\":[{\"@type\":\"SearchAction\",\"target\":\"http:\/\/palatom.eu\/?s={search_term_string}\",\"query-input\":\"required name=search_term_string\"}],\"inLanguage\":\"pl-PL\"},{\"@type\":\"ImageObject\",\"@id\":\"http:\/\/palatom.eu\/index.php\/sposob-zaladunku\/#primaryimage\",\"inLanguage\":\"pl-PL\",\"url\":\"http:\/\/palatom.eu\/wp-content\/uploads\/2019\/12\/photo8.jpg\",\"width\":541,\"height\":701},{\"@type\":\"WebPage\",\"@id\":\"http:\/\/palatom.eu\/index.php\/sposob-zaladunku\/#webpage\",\"url\":\"http:\/\/palatom.eu\/index.php\/sposob-zaladunku\/\",\"name\":\"Spos\\u00f3b za\\u0142adunku - Palatom P.H.P.U.\",\"isPartOf\":{\"@id\":\"http:\/\/palatom.eu\/#website\"},\"primaryImageOfPage\":{\"@id\":\"http:\/\/palatom.eu\/index.php\/sposob-zaladunku\/#primaryimage\"},\"datePublished\":\"2019-11-07T16:41:59+00:00\",\"dateModified\":\"2019-12-15T18:29:12+00:00\",\"inLanguage\":\"pl-PL\",\"potentialAction\":[{\"@type\":\"ReadAction\",\"target\":[\"http:\/\/palatom.eu\/index.php\/sposob-zaladunku\/\"]}]}]}<\/script>\n<!-- \/ Yoast SEO plugin. -->","_links":{"self":[{"href":"http:\/\/palatom.eu\/index.php\/wp-json\/wp\/v2\/pages\/89"}],"collection":[{"href":"http:\/\/palatom.eu\/index.php\/wp-json\/wp\/v2\/pages"}],"about":[{"href":"http:\/\/palatom.eu\/index.php\/wp-json\/wp\/v2\/types\/page"}],"author":[{"embeddable":true,"href":"http:\/\/palatom.eu\/index.php\/wp-json\/wp\/v2\/users\/1"}],"replies":[{"embeddable":true,"href":"http:\/\/palatom.eu\/index.php\/wp-json\/wp\/v2\/comments?post=89"}],"version-history":[{"count":2,"href":"http:\/\/palatom.eu\/index.php\/wp-json\/wp\/v2\/pages\/89\/revisions"}],"predecessor-version":[{"id":274,"href":"http:\/\/palatom.eu\/index.php\/wp-json\/wp\/v2\/pages\/89\/revisions\/274"}],"wp:attachment":[{"href":"http:\/\/palatom.eu\/index.php\/wp-json\/wp\/v2\/media?parent=89"}],"curies":[{"name":"wp","href":"https:\/\/api.w.org\/{rel}","templated":true}]}}